{"id":347,"date":"2016-11-29T23:59:11","date_gmt":"2016-11-29T23:59:11","guid":{"rendered":"http:\/\/nandu.world\/blog\/?page_id=347"},"modified":"2016-11-29T23:59:11","modified_gmt":"2016-11-29T23:59:11","slug":"what-is-a-nandu-anyway","status":"publish","type":"page","link":"https:\/\/nandu.world\/blog\/what-is-a-nandu-anyway\/","title":{"rendered":"What is a \u00f1and\u00fa anyway?"},"content":{"rendered":"<p>It&#8217;s a big bird (almost the height of a human) native to South America. It doesn&#8217;t fly and it&#8217;s not particularly beautiful, but it runs fast. And, just like our boat, it lacks a <a href=\"https:\/\/en.wikipedia.org\/wiki\/Keel_(bird_anatomy)\" target=\"_blank\">keel<\/a>.<\/p>\n<figure id=\"attachment_140\" aria-describedby=\"caption-attachment-140\" style=\"width: 840px\" class=\"wp-caption alignnone\"><a href=\"https:\/\/i0.wp.com\/nandu.world\/blog\/wp-content\/uploads\/2016\/09\/Nandu_Parque_Luro_La_Pampa_Argentina.jpg\" rel=\"lightbox[347]\"><img data-recalc-dims=\"1\" loading=\"lazy\" decoding=\"async\" class=\"wp-image-140 size-large\" src=\"https:\/\/i0.wp.com\/nandu.world\/blog\/wp-content\/uploads\/2016\/09\/Nandu_Parque_Luro_La_Pampa_Argentina-1024x629.jpg?resize=840%2C516\" width=\"840\" height=\"516\" srcset=\"https:\/\/i0.wp.com\/nandu.world\/blog\/wp-content\/uploads\/2016\/09\/Nandu_Parque_Luro_La_Pampa_Argentina.jpg?resize=1024%2C629&amp;ssl=1 1024w, https:\/\/i0.wp.com\/nandu.world\/blog\/wp-content\/uploads\/2016\/09\/Nandu_Parque_Luro_La_Pampa_Argentina.jpg?resize=300%2C184&amp;ssl=1 300w, https:\/\/i0.wp.com\/nandu.world\/blog\/wp-content\/uploads\/2016\/09\/Nandu_Parque_Luro_La_Pampa_Argentina.jpg?resize=768%2C472&amp;ssl=1 768w, https:\/\/i0.wp.com\/nandu.world\/blog\/wp-content\/uploads\/2016\/09\/Nandu_Parque_Luro_La_Pampa_Argentina.jpg?w=1200&amp;ssl=1 1200w\" sizes=\"auto, (max-width: 709px) 85vw, (max-width: 909px) 67vw, (max-width: 1362px) 62vw, 840px\" \/><\/a><figcaption id=\"caption-attachment-140\" class=\"wp-caption-text\">\u00d1and\u00fa (rhea pennata) [<a>Image<\/a> by juanedc licensed under <a> CC BY 2.0<\/a>]<\/figcaption><\/figure>\n<p dir=\"ltr\">Why \u00f1and\u00fa? We&#8217;re from South America as well, and we like \u00f1and\u00fas. We also love the sound of the word: short and sweet. The <em>u<\/em> in \u00f1and\u00fa has a diacritical mark that looks like a seed. And the letter <em>\u00f1<\/em> honors the richness of our mother tongue.<\/p>\n<figure id=\"attachment_348\" aria-describedby=\"caption-attachment-348\" style=\"width: 840px\" class=\"wp-caption alignnone\"><a href=\"https:\/\/i0.wp.com\/nandu.world\/blog\/wp-content\/uploads\/2016\/11\/GA7AB_08697_2.jpg\" rel=\"lightbox[347]\"><img data-recalc-dims=\"1\" loading=\"lazy\" decoding=\"async\" class=\"wp-image-348 size-large\" src=\"https:\/\/i0.wp.com\/nandu.world\/blog\/wp-content\/uploads\/2016\/11\/GA7AB_08697_2-1024x561.jpg?resize=840%2C460\" width=\"840\" height=\"460\" srcset=\"https:\/\/i0.wp.com\/nandu.world\/blog\/wp-content\/uploads\/2016\/11\/GA7AB_08697_2.jpg?resize=1024%2C561&amp;ssl=1 1024w, https:\/\/i0.wp.com\/nandu.world\/blog\/wp-content\/uploads\/2016\/11\/GA7AB_08697_2.jpg?resize=300%2C164&amp;ssl=1 300w, https:\/\/i0.wp.com\/nandu.world\/blog\/wp-content\/uploads\/2016\/11\/GA7AB_08697_2.jpg?resize=768%2C420&amp;ssl=1 768w, https:\/\/i0.wp.com\/nandu.world\/blog\/wp-content\/uploads\/2016\/11\/GA7AB_08697_2.jpg?resize=1200%2C657&amp;ssl=1 1200w, https:\/\/i0.wp.com\/nandu.world\/blog\/wp-content\/uploads\/2016\/11\/GA7AB_08697_2.jpg?w=1600&amp;ssl=1 1600w\" sizes=\"auto, (max-width: 709px) 85vw, (max-width: 909px) 67vw, (max-width: 1362px) 62vw, 840px\" \/><\/a><figcaption id=\"caption-attachment-348\" class=\"wp-caption-text\">\u00d1and\u00fa (Maine Cat 41)<\/figcaption><\/figure>\n<p dir=\"ltr\">\n","protected":false},"excerpt":{"rendered":"<p>It&#8217;s a big bird (almost the height of a human) native to South America. It doesn&#8217;t fly and it&#8217;s not particularly beautiful, but it runs fast. And, just like our boat, it lacks a keel. Why \u00f1and\u00fa? We&#8217;re from South America as well, and we like \u00f1and\u00fas. We also love the sound of the word: &hellip; <a href=\"https:\/\/nandu.world\/blog\/what-is-a-nandu-anyway\/\" class=\"more-link\">Continue reading<span class=\"screen-reader-text\"> &#8220;What is a \u00f1and\u00fa anyway?&#8221;<\/span><\/a><\/p>\n","protected":false},"author":2,"featured_media":0,"parent":0,"menu_order":0,"comment_status":"closed","ping_status":"closed","template":"","meta":{"footnotes":""},"class_list":["post-347","page","type-page","status-publish","hentry"],"jetpack_sharing_enabled":true,"jetpack_shortlink":"https:\/\/wp.me\/P7GCAo-5B","_links":{"self":[{"href":"https:\/\/nandu.world\/blog\/wp-json\/wp\/v2\/pages\/347","targetHints":{"allow":["GET"]}}],"collection":[{"href":"https:\/\/nandu.world\/blog\/wp-json\/wp\/v2\/pages"}],"about":[{"href":"https:\/\/nandu.world\/blog\/wp-json\/wp\/v2\/types\/page"}],"author":[{"embeddable":true,"href":"https:\/\/nandu.world\/blog\/wp-json\/wp\/v2\/users\/2"}],"replies":[{"embeddable":true,"href":"https:\/\/nandu.world\/blog\/wp-json\/wp\/v2\/comments?post=347"}],"version-history":[{"count":2,"href":"https:\/\/nandu.world\/blog\/wp-json\/wp\/v2\/pages\/347\/revisions"}],"predecessor-version":[{"id":2847,"href":"https:\/\/nandu.world\/blog\/wp-json\/wp\/v2\/pages\/347\/revisions\/2847"}],"wp:attachment":[{"href":"https:\/\/nandu.world\/blog\/wp-json\/wp\/v2\/media?parent=347"}],"curies":[{"name":"wp","href":"https:\/\/api.w.org\/{rel}","templated":true}]}}